{"id":4420,"date":"2018-02-21T12:00:19","date_gmt":"2018-02-21T11:00:19","guid":{"rendered":"http:\/\/welt-der-phantasie.de\/?page_id=4420"},"modified":"2018-02-27T16:18:10","modified_gmt":"2018-02-27T15:18:10","slug":"datenschutzerklaerung","status":"publish","type":"page","link":"https:\/\/welt-der-phantasie.de\/?page_id=4420","title":{"rendered":"Datenschutzerkl\u00e4rung"},"content":{"rendered":"<h4><strong>Datenschutz<\/strong><\/h4>\n<p>Die Betreiber dieser Seiten nehmen den Schutz Ihrer pers\u00f6nlichen Daten sehr ernst. Wir behandeln Ihre<br \/>\npersonenbezogenen Daten vertraulich und entsprechend der gesetzlichen Datenschutzvorschriften sowie<br \/>\ndieser Datenschutzerkl\u00e4rung.<br \/>\nDie Nutzung unserer Website ist in der Regel ohne Angabe personenbezogener Daten m\u00f6glich. Soweit<br \/>\nauf unseren Seiten personenbezogene Daten (beispielsweise Name, Anschrift oder E-Mail-Adressen)<br \/>\nerhoben werden, erfolgt dies, soweit m\u00f6glich, stets auf freiwilliger Basis. Diese Daten werden ohne Ihre<br \/>\nausdr\u00fcckliche Zustimmung nicht an Dritte weitergegeben.<br \/>\nWir weisen darauf hin, dass die Daten\u00fcbertragung im Internet (z.B. bei der Kommunikation per E-Mail)<br \/>\nSicherheitsl\u00fccken aufweisen kann. Ein l\u00fcckenloser Schutz der Daten vor dem Zugriff durch Dritte ist nicht<br \/>\nm\u00f6glich.<\/p>\n<h4><strong>Cookies<\/strong><\/h4>\n<p>Die Internetseiten verwenden teilweise so genannte Cookies. Cookies richten auf Ihrem Rechner keinen<br \/>\nSchaden an und enthalten keine Viren. Cookies dienen dazu, unser Angebot nutzerfreundlicher, effektiver<br \/>\nund sicherer zu machen. Cookies sind kleine Textdateien, die auf Ihrem Rechner abgelegt werden und<br \/>\ndie Ihr Browser speichert.<\/p>\n<p>Die meisten der von uns verwendeten Cookies sind so genannte \u201eSession-Cookies\u201c. Sie werden nach<br \/>\nEnde Ihres Besuchs automatisch gel\u00f6scht. Andere Cookies bleiben auf Ihrem Endger\u00e4t gespeichert, bis<br \/>\nSie diese l\u00f6schen. Diese Cookies erm\u00f6glichen es uns, Ihren Browser beim n\u00e4chsten Besuch<br \/>\nwiederzuerkennen.<br \/>\nSie k\u00f6nnen Ihren Browser so einstellen, dass Sie \u00fcber das Setzen von Cookies informiert werden und<br \/>\nCookies nur im Einzelfall erlauben, die Annahme von Cookies f\u00fcr bestimmte F\u00e4lle oder generell<br \/>\nausschlie\u00dfen sowie das automatische L\u00f6schen der Cookies beim Schlie\u00dfen des Browser aktivieren. Bei<br \/>\nder Deaktivierung von Cookies kann die Funktionalit\u00e4t dieser Website eingeschr\u00e4nkt sein.<\/p>\n<p>&nbsp;<\/p>\n<h4><strong>Kontaktformular<\/strong><\/h4>\n<p>Wenn Sie uns per Kontaktformular Anfragen zukommen lassen, werden Ihre Angaben aus dem<br \/>\nAnfrageformular inklusive der von Ihnen dort angegebenen Kontaktdaten zwecks Bearbeitung der<br \/>\nAnfrage und f\u00fcr den Fall von Anschlussfragen bei uns gespeichert. Diese Daten geben wir nicht ohne Ihre<br \/>\nEinwilligung weiter.<\/p>\n<p>&nbsp;<\/p>\n<h4><strong>SSL-Verschl\u00fcsselung<\/strong><\/h4>\n<p>Diese Seite nutzt aus Gr\u00fcnden der Sicherheit und zum Schutz der \u00dcbertragung vertraulicher Inhalte, wie<br \/>\nzum Beispiel der Anfragen, die Sie an uns als Seitenbetreiber senden, eine SSL-Verschl\u00fcsselung. Eine<br \/>\nverschl\u00fcsselte Verbindung erkennen Sie daran, dass die Adresszeile des Browsers von &#8222;http:\/\/&#8220; auf<br \/>\n&#8222;https:\/\/&#8220; wechselt und an dem Schloss-Symbol in Ihrer Browserzeile.<br \/>\nWenn die SSL Verschl\u00fcsselung aktiviert ist, k\u00f6nnen die Daten, die Sie an uns \u00fcbermitteln, nicht von<br \/>\nDritten mitgelesen werden.<\/p>\n<p>&nbsp;<\/p>\n<h4><strong>Server-Log-Files<\/strong><\/h4>\n<p>&nbsp;<\/p>\n<p>Der Provider der Seiten erhebt und speichert automatisch Informationen in so genannten Server-Log<br \/>\nFiles, die Ihr Browser automatisch an uns \u00fcbermittelt. Dies sind:<br \/>\nBrowsertyp und Browserversion<br \/>\nverwendetes Betriebssystem<br \/>\nReferrer URL<br \/>\nHostname des zugreifenden Rechners<br \/>\nUhrzeit der Serveranfrage<br \/>\nDiese Daten sind nicht bestimmten Personen zuordenbar. Eine Zusammenf\u00fchrung dieser Daten mit<br \/>\nanderen Datenquellen wird nicht vorgenommen. Wir behalten uns vor, diese Daten nachtr\u00e4glich zu<br \/>\npr\u00fcfen, wenn uns konkrete Anhaltspunkte f\u00fcr eine rechtswidrige Nutzung bekannt werden.<\/p>\n<p>Quelle: <a href=\"https:\/\/www.e-recht24.de\/\">eRecht24<\/a><\/p>\n","protected":false},"excerpt":{"rendered":"<p>Datenschutz Die Betreiber dieser Seiten nehmen den Schutz Ihrer pers\u00f6nlichen Daten sehr ernst. Wir behandeln Ihre personenbezogenen Daten vertraulich und entsprechend der gesetzlichen Datenschutzvorschriften sowie dieser Datenschutzerkl\u00e4rung. Die Nutzung unserer Website ist in der Regel ohne Angabe personenbezogener Daten m\u00f6glich. Soweit auf unseren Seiten personenbezogene Daten (beispielsweise Name, Anschrift oder\u2026<\/p>\n<p class=\"continue-reading-button\"> <a class=\"continue-reading-link\" href=\"https:\/\/welt-der-phantasie.de\/?page_id=4420\">*Mehr lesen&#8220;<i class=\"crycon-right-dir\"><\/i><\/a><\/p>\n","protected":false},"author":511,"featured_media":0,"parent":212,"menu_order":3,"comment_status":"closed","ping_status":"closed","template":"","meta":{"_ml_titleColor":"#000000","_ml_titleFont":"Roboto","_ml_titleFontSize":1.1359999999999998987476601541857235133647918701171875,"_ml_titleFontWeight":"400","_ml_titleLineHeight":1.3000000000000000444089209850062616169452667236328125,"_ml_metaColor":"#708090","_ml_metaFont":"Montserrat","_ml_metaFontSize":0.67849999999999999200639422269887290894985198974609375,"_ml_metaFontWeight":"400","_ml_metaLineHeight":0.92000000000000003996802888650563545525074005126953125,"_ml_bodyColor":"#a9a9a9","_ml_bodyFont":"Open Sans","_ml_bodyFontSize":0.84999999999999997779553950749686919152736663818359375,"_ml_bodyFontWeight":"400","_ml_bodyLineHeight":1.1999999999999999555910790149937383830547332763671875,"_ml_wooPriceColor":"#666","_ml_wooPriceFont":"Open Sans","_ml_wooPriceFontSize":0.90000000000000002220446049250313080847263336181640625,"_ml_wooPriceFontWeight":"400","_ml_wooPriceLineHeight":1.270000000000000017763568394002504646778106689453125,"_ml_headingColor":"#000","_ml_headingFont":"Merriweather","_ml_headingFontSize":2.020000000000000017763568394002504646778106689453125,"_ml_headingFontWeight":"700","_ml_headingLineHeight":1.4699999999999999733546474089962430298328399658203125,"_mlglobal_userfontcolors":{"headingColorUser":[],"titleColorUser":[],"metaColorUser":[],"bodyColorUser":[],"wooPriceColorUser":[]},"ngg_post_thumbnail":0,"footnotes":""},"class_list":["post-4420","page","type-page","status-publish","hentry"],"_links":{"self":[{"href":"https:\/\/welt-der-phantasie.de\/index.php?rest_route=\/wp\/v2\/pages\/4420","targetHints":{"allow":["GET"]}}],"collection":[{"href":"https:\/\/welt-der-phantasie.de\/index.php?rest_route=\/wp\/v2\/pages"}],"about":[{"href":"https:\/\/welt-der-phantasie.de\/index.php?rest_route=\/wp\/v2\/types\/page"}],"author":[{"embeddable":true,"href":"https:\/\/welt-der-phantasie.de\/index.php?rest_route=\/wp\/v2\/users\/511"}],"replies":[{"embeddable":true,"href":"https:\/\/welt-der-phantasie.de\/index.php?rest_route=%2Fwp%2Fv2%2Fcomments&post=4420"}],"version-history":[{"count":9,"href":"https:\/\/welt-der-phantasie.de\/index.php?rest_route=\/wp\/v2\/pages\/4420\/revisions"}],"predecessor-version":[{"id":4449,"href":"https:\/\/welt-der-phantasie.de\/index.php?rest_route=\/wp\/v2\/pages\/4420\/revisions\/4449"}],"up":[{"embeddable":true,"href":"https:\/\/welt-der-phantasie.de\/index.php?rest_route=\/wp\/v2\/pages\/212"}],"wp:attachment":[{"href":"https:\/\/welt-der-phantasie.de\/index.php?rest_route=%2Fwp%2Fv2%2Fmedia&parent=4420"}],"curies":[{"name":"wp","href":"https:\/\/api.w.org\/{rel}","templated":true}]}}